{"id":1524,"date":"2020-01-22T13:45:03","date_gmt":"2020-01-22T11:45:03","guid":{"rendered":"https:\/\/clinicadentalure.com\/politica-de-cookies\/"},"modified":"2025-04-11T13:31:14","modified_gmt":"2025-04-11T11:31:14","slug":"politica-de-cookies","status":"publish","type":"page","link":"https:\/\/clinicadentalure.com\/es\/politica-de-cookies\/","title":{"rendered":"Pol\u00edtica de cookies"},"content":{"rendered":"<div class=\"fusion-fullwidth fullwidth-box fusion-builder-row-1 fusion-flex-container nonhundred-percent-fullwidth non-hundred-percent-height-scrolling\" style=\"background-color: rgba(255,255,255,0);background-position: center center;background-repeat: no-repeat;border-width: 0px 0px 0px 0px;border-color:#eae9e9;border-style:solid;\" ><div class=\"fusion-builder-row fusion-row fusion-flex-align-items-flex-start\" style=\"max-width:1216.8px;margin-left: calc(-4% \/ 2 );margin-right: calc(-4% \/ 2 );\"><div class=\"fusion-layout-column fusion_builder_column fusion-builder-column-0 fusion_builder_column_1_1 1_1 fusion-flex-column\"><div class=\"fusion-column-wrapper fusion-flex-justify-content-flex-start fusion-content-layout-column\" style=\"background-position:left top;background-repeat:no-repeat;-webkit-background-size:cover;-moz-background-size:cover;-o-background-size:cover;background-size:cover;padding: 0px 0px 0px 0px;\"><div class=\"fusion-text fusion-text-1\"><h1><span style=\"color: #03c38e;\">Pol\u00edtica de cookies<\/span><\/h1>\n<\/div><div class=\"fusion-text fusion-text-2\"><p><strong>\u00bfQU\u00c9 SON LAS COOKIES?<\/strong><\/p>\n<p>Una cookie es un archivo que se descarga en su ordenador al acceder a determinadas p\u00e1ginas web. Las cookies permiten, entre otras cosas, que una p\u00e1gina web almacene y recupere informaci\u00f3n sobre los h\u00e1bitos de navegaci\u00f3n de un usuario o de su dispositivo y, dependiendo de la informaci\u00f3n que contengan y de la forma en que utilice el dispositivo, pueden utilizarse para reconocer al usuario. El navegador del usuario almacena cookies en el disco duro \u00fanicamente durante la sesi\u00f3n actual, ocupando un espacio de memoria m\u00ednimo y sin perjudicar al ordenador. Las cookies no contienen ning\u00fan tipo de informaci\u00f3n personal espec\u00edfica, y la mayor\u00eda se borran del disco duro al finalizar la sesi\u00f3n del navegador (las denominadas cookies de sesi\u00f3n).<\/p>\n<p>La mayor\u00eda de navegadores aceptan como est\u00e1ndar las cookies y, independientemente de estas, permiten o impiden en los ajustes de seguridad las cookies temporales o memorizadas.<\/p>\n<p>Sin su consentimiento expreso \u2013mediante la activaci\u00f3n de las cookies en su navegador\u2013 este sitio web no enlazar\u00e1 en las cookies los datos almacenados con sus datos personales proporcionados en el momento del registro o de la compra.<\/p>\n<p><strong>\u00bfQU\u00c9 TIPOS DE COOKIES UTILIZAMOS EN ESTE SITIO WEB?<\/strong><\/p>\n<p>Este sitio web utiliza cookies que permiten el funcionamiento y la prestaci\u00f3n de los servicios ofrecidos en el mismo.<\/p>\n<p>Siguiendo las directrices de la Agencia Espa\u00f1ola de Protecci\u00f3n de Datos, procedemos a detallar el uso de cookies que hace esta web con el objetivo de informarle con la m\u00e1xima precisi\u00f3n posible.<\/p>\n<div><\/div>\n<p><strong>(I) Cookies propias\/necesarias:<\/strong> son aquellas que se env\u00edan al equipo terminal del usuario desde un equipo o dominio gestionado por el propio editor y desde el cual se presta el servicio solicitado por el usuario.<\/p>\n<ul>\n<li><strong>(A) Cookies de sesi\u00f3n:<\/strong> Necesarias para el correcto uso de la p\u00e1gina web, la navegaci\u00f3n de forma ininterrumpida recordando opciones de idioma o pa\u00eds. Se utilizan para identificar la misma sesi\u00f3n temporal de un usuario o sesi\u00f3n de navegaci\u00f3n.<\/li>\n<li><strong>(B) Cookies t\u00e9cnicas:<\/strong> Almacenan informaci\u00f3n gen\u00e9rica y an\u00f3nima que no incluye datos de car\u00e1cter personal con el objetivo de garantizar el funcionamiento de la web.<\/li>\n<li><strong>(C) De registro:<\/strong> Se crean con el registro de un usuario (log-in). Se utilizan para identificar al usuario una vez se ha autenticado dentro de las p\u00e1ginas web.<\/li>\n<\/ul>\n<p><strong>(II) Cookies de terceros:<\/strong> El sitio web puede contener cookies de terceros orientadas a ofrecer un mejor servicio que estos terceros ofrecen. Un ejemplo de este uso son los enlaces a las redes sociales que permiten compartir el contenido del sitio web.<\/p>\n<ul>\n<li><strong>(A) Cookies anal\u00edticas:<\/strong> Son aquellas que, tratadas por el prestador o por terceros, permiten cuantificar el n\u00famero de visitantes y analizar estad\u00edsticamente la utilizaci\u00f3n que hacen los usuarios del portal web. La informaci\u00f3n recopilada mediante este tipo de cookies se utiliza en la medici\u00f3n de la actividad del sitio web y para la elaboraci\u00f3n de perfiles de navegaci\u00f3n anonimizados de los usuarios, con el fin de introducir mejoras en funci\u00f3n del an\u00e1lisis de los datos de uso que hacen los usuarios del servicio: Google Analytics:https:\/\/www.google.com\/policies\/privacy\/<\/li>\n<li><strong>(B) Cookies de redes sociales:<\/strong> Gravatar: El Gravatar es una imagen del usuario que le sigue de sitio web a sitio web, apareciendo junto a su nombre cuando realiza acciones como comentar en un blog o cuando el usuario inicia sesi\u00f3n como usuario registrado (log in) en el sitio web. Se almacenan cookies para gestionar los iconos relacionados con los perfiles y usuarios de este servicio: https:\/\/automattic.com\/privacy\/<\/li>\n<li><strong>(C) Cookies de redes sociales externas:<\/strong> Se utilizan para que los visitantes puedan interactuar con el contenido de diferentes plataformas sociales (Facebook, YouTube, Twitter, LinkedIn, Instagram, etc.) y que se generan \u00fanicamente para los usuarios de estas redes sociales. Las condiciones de utilizaci\u00f3n de estas cookies y la informaci\u00f3n recopilada se regulan por la pol\u00edtica de privacidad de la plataforma social correspondiente.<br \/>\nhttps:\/\/www.facebook.com\/help\/cookies\/<br \/>\nhttps:\/\/www.google.com\/intl\/es_es\/policies\/technologies\/types\/<br \/>\nhttps:\/\/www.instagram.com\/legal\/cookies\/<br \/>\nhttps:\/\/www.linkedin.com\/legal\/privacy-policy?_l=es_ES<strong>RESUMEN de cookies utilizadas en este portal:<\/strong><\/p>\n\n<div><\/div>\n<p><strong>ACTIVACI\u00d3N O ELIMINACI\u00d3N DE COOKIES<\/strong><\/p>\n<p>En el caso de que el usuario desee modificar la configuraci\u00f3n de cookies de su navegador, puede hacerlo mediante la configuraci\u00f3n de las opciones del mismo. El usuario podr\u00e1 encontrar informaci\u00f3n sobre c\u00f3mo modificar las pol\u00edticas de cookies de los diferentes navegadores en los siguientes espacios:<\/p>\n<ul>\n<li>Microsoft Internet Explorer o Microsoft Edge: <a href=\"http:\/\/windows.microsoft.com\/es-es\/windows-vista\/Block-or-allow-cookies\" target=\"_blank\" rel=\"noopener\">http:\/\/windows.microsoft.com\/es-es\/windows-vista\/Block-or-allow-cookies<\/a><\/li>\n<li>Mozilla Firefox: <a href=\"http:\/\/support.mozilla.org\/es\/kb\/impedir-que-los-sitios-web-guarden-sus-preferencia\" target=\"_blank\" rel=\"noopener\">http:\/\/support.mozilla.org\/es\/kb\/impedir-que-los-sitios-web-guarden-sus-preferencia<\/a><\/li>\n<li>Chrome: <a href=\"https:\/\/support.google.com\/accounts\/answer\/61416?hl=es\" target=\"_blank\" rel=\"noopener\">https:\/\/support.google.com\/accounts\/answer\/61416?hl=es<\/a><\/li>\n<li>Safari: <a href=\"http:\/\/safari.helpmax.net\/es\/privacidad-y-seguridad\/como-gestionar-las-cookies\/\" target=\"_blank\" rel=\"noopener\">http:\/\/safari.helpmax.net\/es\/privacidad-y-seguridad\/como-gestionar-las-cookies\/<\/a><\/li>\n<li>Opera: <a href=\"http:\/\/help.opera.com\/Linux\/10.60\/es-ES\/cookies.html\" target=\"_blank\" rel=\"noopener\">http:\/\/help.opera.com\/Linux\/10.60\/es-ES\/cookies.html<\/a><\/li>\n<li>Safari para iOS (dispositivos iPhone y iPad): <a href=\"http:\/\/help.opera.com\/Linux\/10.50\/en\/cookies.html\" target=\"_blank\" rel=\"noopener\">http:\/\/help.opera.com\/Linux\/10.50\/en\/cookies.html<\/a><\/li>\n<li>Chrome para Android: <a href=\"https:\/\/support.google.com\/chrome\/answer\/2392971?hl=es\" target=\"_blank\" rel=\"noopener\">https:\/\/support.google.com\/chrome\/answer\/2392971?hl=es<\/a><\/li>\n<li>Windows Phone: <a href=\"http:\/\/www.windowsphone.com\/es-es\/how-to\/wp7\/web\/changing-privacy-and-other-browser-\" target=\"_blank\" rel=\"noopener\">http:\/\/www.windowsphone.com\/es-es\/how-to\/wp7\/web\/changing-privacy-and-other-browser-<\/a><\/li>\n<\/ul>\n<p>Existen herramientas de terceros, disponibles en l\u00ednea, que permiten a los usuarios detectar las cookies en cada sitio web que visita y gestionar su desactivaci\u00f3n. Los navegadores web son las herramientas encargadas de almacenar las cookies y desde este lugar el usuario puede ejercitar su derecho a eliminaci\u00f3n o desactivaci\u00f3n de las mismas. Ni este sitio web ni sus representantes legales pueden garantizar la correcta o incorrecta manipulaci\u00f3n de las cookies por parte de los mencionados navegadores. Se informa al usuario que si no desea que los sitios web coloquen ninguna cookie en su equipo, puede adaptar la configuraci\u00f3n del navegador de forma que se le notifique antes de que se coloque ninguna cookie. De igual manera, puede adaptar la configuraci\u00f3n de manera que el navegador rechace todas las cookies, o \u00fanicamente las cookies de terceros. En caso de que se encuentre con este tipo de cookies en este sitio web y no est\u00e9n enumeradas en la lista anterior, le rogamos que nos lo comunique.<\/p>\n<p>M\u00e1s informaci\u00f3n relativa a la protecci\u00f3n de sus datos personales en nuestra Pol\u00edtica de Privacidad. El editor se reserva el derecho de cambiar esta pol\u00edtica de cookies si se realizan cambios en la configuraci\u00f3n y\/o uso de las mismas. Se publicar\u00e1 una versi\u00f3n actualizada en esta p\u00e1gina web.<\/li>\n<\/ul>\n<\/div><\/div><style type=\"text\/css\">.fusion-body .fusion-builder-column-0{width:100% !important;margin-top : 0px;margin-bottom : 30px;}.fusion-builder-column-0 > .fusion-column-wrapper {padding-top : 0px !important;padding-right : 0px !important;margin-right : 1.92%;padding-bottom : 0px !important;padding-left : 0px !important;margin-left : 1.92%;}@media only screen and (max-width:1024px) {.fusion-body .fusion-builder-column-0{width:100% !important;}.fusion-builder-column-0 > .fusion-column-wrapper {margin-right : 1.92%;margin-left : 1.92%;}}@media only screen and (max-width:640px) {.fusion-body .fusion-builder-column-0{width:100% !important;}.fusion-builder-column-0 > .fusion-column-wrapper {margin-right : 1.92%;margin-left : 1.92%;}}<\/style><\/div><\/div><style type=\"text\/css\">.fusion-body .fusion-flex-container.fusion-builder-row-1{ padding-top : 0px;margin-top : 0px;padding-right : 0px;padding-bottom : 0px;margin-bottom : 0px;padding-left : 0px;}<\/style><\/div>\n","protected":false},"excerpt":{"rendered":"","protected":false},"author":7,"featured_media":0,"parent":0,"menu_order":0,"comment_status":"closed","ping_status":"closed","template":"","meta":{"footnotes":""},"class_list":["post-1524","page","type-page","status-publish","hentry"],"_links":{"self":[{"href":"https:\/\/clinicadentalure.com\/es\/wp-json\/wp\/v2\/pages\/1524","targetHints":{"allow":["GET"]}}],"collection":[{"href":"https:\/\/clinicadentalure.com\/es\/wp-json\/wp\/v2\/pages"}],"about":[{"href":"https:\/\/clinicadentalure.com\/es\/wp-json\/wp\/v2\/types\/page"}],"author":[{"embeddable":true,"href":"https:\/\/clinicadentalure.com\/es\/wp-json\/wp\/v2\/users\/7"}],"replies":[{"embeddable":true,"href":"https:\/\/clinicadentalure.com\/es\/wp-json\/wp\/v2\/comments?post=1524"}],"version-history":[{"count":5,"href":"https:\/\/clinicadentalure.com\/es\/wp-json\/wp\/v2\/pages\/1524\/revisions"}],"predecessor-version":[{"id":2053,"href":"https:\/\/clinicadentalure.com\/es\/wp-json\/wp\/v2\/pages\/1524\/revisions\/2053"}],"wp:attachment":[{"href":"https:\/\/clinicadentalure.com\/es\/wp-json\/wp\/v2\/media?parent=1524"}],"curies":[{"name":"wp","href":"https:\/\/api.w.org\/{rel}","templated":true}]}}